{"id":3348,"date":"2015-08-08T14:15:53","date_gmt":"2015-08-08T12:15:53","guid":{"rendered":"http:\/\/rommysgallery.com\/product\/mi-famiri-mijn-familie\/"},"modified":"2015-08-08T14:15:53","modified_gmt":"2015-08-08T12:15:53","slug":"mi-famiri-mijn-familie","status":"publish","type":"product","link":"https:\/\/rommysgallery.com\/es\/producto\/mi-famiri-mijn-familie\/","title":{"rendered":"Mi Famiri \/ mijn familie"},"content":{"rendered":"<p><a href=\"http:\/\/rommysgallery.com\/wp-content\/uploads\/2015\/08\/mi-famiri.jpg\"><img loading=\"lazy\" decoding=\"async\" class=\"alignnone size-medium wp-image-975\" src=\"https:\/\/rommysgallery.com\/wp-content\/uploads\/2015\/08\/mi-famiri-227x300.jpg\" alt=\"mi famiri\" width=\"227\" height=\"300\" data-id=\"975\" srcset=\"https:\/\/rommysgallery.com\/wp-content\/uploads\/2015\/08\/mi-famiri-227x300.jpg 227w, https:\/\/rommysgallery.com\/wp-content\/uploads\/2015\/08\/mi-famiri-300x397.jpg 300w, https:\/\/rommysgallery.com\/wp-content\/uploads\/2015\/08\/mi-famiri-775x1024.jpg 775w, https:\/\/rommysgallery.com\/wp-content\/uploads\/2015\/08\/mi-famiri-732x968.jpg 732w, https:\/\/rommysgallery.com\/wp-content\/uploads\/2015\/08\/mi-famiri-366x484.jpg 366w, https:\/\/rommysgallery.com\/wp-content\/uploads\/2015\/08\/mi-famiri-520x688.jpg 520w, https:\/\/rommysgallery.com\/wp-content\/uploads\/2015\/08\/mi-famiri-260x344.jpg 260w, https:\/\/rommysgallery.com\/wp-content\/uploads\/2015\/08\/mi-famiri.jpg 2275w\" sizes=\"auto, (max-width: 227px) 100vw, 227px\" \/><\/a><\/p>\n","protected":false},"excerpt":{"rendered":"<p>Mi Famiri \/ mi familia, acr\u00eelico sobre lienzo, 60 x 80<\/p>\n<p>George Struikelblok<\/p>\n<p>Esta pintura art\u00edstica est\u00e1 disponible directamente de Barendrecht&hellip; <a class=\"kt-excerpt-readmore\" href=\"https:\/\/rommysgallery.com\/es\/producto\/mi-famiri-mijn-familie\/\" aria-label=\"Mi Famiri \/ mijn familie\">Read More<\/a><\/p>\n","protected":false},"featured_media":2920,"comment_status":"open","ping_status":"closed","template":"","meta":{"kt_blocks_editor_width":""},"product_brand":[],"product_cat":[114],"product_tag":[],"class_list":{"0":"post-3348","1":"product","2":"type-product","3":"status-publish","4":"has-post-thumbnail","6":"product_cat-sin-categorizar","8":"first","9":"instock","10":"shipping-taxable","11":"purchasable","12":"product-type-simple"},"yoast_head":"<!-- This site is optimized with the Yoast SEO Premium plugin v14.8.1 - https:\/\/yoast.com\/wordpress\/plugins\/seo\/ -->\n<title>Mi Famiri \/ mijn familie - rommysgallery<\/title>\n<meta name=\"robots\" content=\"index, follow\" \/>\n<meta name=\"googlebot\" content=\"index, follow, max-snippet:-1, max-image-preview:large, max-video-preview:-1\" \/>\n<meta name=\"bingbot\" content=\"index, follow, max-snippet:-1, max-image-preview:large, max-video-preview:-1\" \/>\n<link rel=\"canonical\" href=\"https:\/\/rommysgallery.com\/es\/producto\/mi-famiri-mijn-familie\/\" \/>\n<meta property=\"og:locale\" content=\"es_ES\" \/>\n<meta property=\"og:type\" content=\"article\" \/>\n<meta property=\"og:title\" content=\"Mi Famiri \/ mijn familie - rommysgallery\" \/>\n<meta property=\"og:description\" content=\"Mi Famiri \/ mi familia, acr\u00eelico sobre lienzo, 60 x 80  George Struikelblok  Esta pintura art\u00edstica est\u00e1 disponible directamente de Barendrecht&hellip; Read More\" \/>\n<meta property=\"og:url\" content=\"https:\/\/rommysgallery.com\/es\/producto\/mi-famiri-mijn-familie\/\" \/>\n<meta property=\"og:site_name\" content=\"rommysgallery\" \/>\n<meta property=\"article:publisher\" content=\"https:\/\/www.facebook.com\/kunstsuriname\/\" \/>\n<meta property=\"og:image\" content=\"https:\/\/rommysgallery.com\/wp-content\/uploads\/2015\/08\/mi-famiri.jpg\" \/>\n\t<meta property=\"og:image:width\" content=\"2275\" \/>\n\t<meta property=\"og:image:height\" content=\"3007\" \/>\n<meta name=\"twitter:card\" content=\"summary\" \/>\n<meta name=\"twitter:creator\" content=\"@rhrommy\" \/>\n<meta name=\"twitter:site\" content=\"@rhrommy\" \/>\n<script type=\"application\/ld+json\" class=\"yoast-schema-graph\">{\"@context\":\"https:\/\/schema.org\",\"@graph\":[{\"@type\":\"WebSite\",\"@id\":\"https:\/\/rommysgallery.com\/es\/#website\",\"url\":\"https:\/\/rommysgallery.com\/es\/\",\"name\":\"rommysgallery\",\"description\":\"\",\"potentialAction\":[{\"@type\":\"SearchAction\",\"target\":\"https:\/\/rommysgallery.com\/es\/?s={search_term_string}\",\"query-input\":\"required name=search_term_string\"}],\"inLanguage\":\"es\"},{\"@type\":\"ImageObject\",\"@id\":\"https:\/\/rommysgallery.com\/es\/producto\/mi-famiri-mijn-familie\/#primaryimage\",\"inLanguage\":\"es\",\"url\":\"https:\/\/rommysgallery.com\/wp-content\/uploads\/2015\/08\/mi-famiri.jpg\",\"width\":2275,\"height\":3007},{\"@type\":\"WebPage\",\"@id\":\"https:\/\/rommysgallery.com\/es\/producto\/mi-famiri-mijn-familie\/#webpage\",\"url\":\"https:\/\/rommysgallery.com\/es\/producto\/mi-famiri-mijn-familie\/\",\"name\":\"Mi Famiri \/ mijn familie - rommysgallery\",\"isPartOf\":{\"@id\":\"https:\/\/rommysgallery.com\/es\/#website\"},\"primaryImageOfPage\":{\"@id\":\"https:\/\/rommysgallery.com\/es\/producto\/mi-famiri-mijn-familie\/#primaryimage\"},\"datePublished\":\"2015-08-08T12:15:53+00:00\",\"dateModified\":\"2015-08-08T12:15:53+00:00\",\"inLanguage\":\"es\",\"potentialAction\":[{\"@type\":\"ReadAction\",\"target\":[\"https:\/\/rommysgallery.com\/es\/producto\/mi-famiri-mijn-familie\/\"]}]}]}<\/script>\n<!-- \/ Yoast SEO Premium plugin. -->","_links":{"self":[{"href":"https:\/\/rommysgallery.com\/es\/wp-json\/wp\/v2\/product\/3348","targetHints":{"allow":["GET"]}}],"collection":[{"href":"https:\/\/rommysgallery.com\/es\/wp-json\/wp\/v2\/product"}],"about":[{"href":"https:\/\/rommysgallery.com\/es\/wp-json\/wp\/v2\/types\/product"}],"replies":[{"embeddable":true,"href":"https:\/\/rommysgallery.com\/es\/wp-json\/wp\/v2\/comments?post=3348"}],"wp:featuredmedia":[{"embeddable":true,"href":"https:\/\/rommysgallery.com\/es\/wp-json\/wp\/v2\/media\/2920"}],"wp:attachment":[{"href":"https:\/\/rommysgallery.com\/es\/wp-json\/wp\/v2\/media?parent=3348"}],"wp:term":[{"taxonomy":"product_brand","embeddable":true,"href":"https:\/\/rommysgallery.com\/es\/wp-json\/wp\/v2\/product_brand?post=3348"},{"taxonomy":"product_cat","embeddable":true,"href":"https:\/\/rommysgallery.com\/es\/wp-json\/wp\/v2\/product_cat?post=3348"},{"taxonomy":"product_tag","embeddable":true,"href":"https:\/\/rommysgallery.com\/es\/wp-json\/wp\/v2\/product_tag?post=3348"}],"curies":[{"name":"wp","href":"https:\/\/api.w.org\/{rel}","templated":true}]}}