{"id":3252,"date":"2016-08-05T00:33:36","date_gmt":"2016-08-04T22:33:36","guid":{"rendered":"http:\/\/rommysgallery.com\/product\/hert-6\/"},"modified":"2016-08-05T00:33:36","modified_gmt":"2016-08-04T22:33:36","slug":"hert-6","status":"publish","type":"product","link":"https:\/\/rommysgallery.com\/es\/producto\/hert-6\/","title":{"rendered":"Hert 6"},"content":{"rendered":"<p><a href=\"http:\/\/rommysgallery.com\/wp-content\/uploads\/2016\/08\/Nikkieart_hert6.jpg\"><img loading=\"lazy\" decoding=\"async\" class=\"alignnone size-medium wp-image-1379\" src=\"http:\/\/rommysgallery.com\/wp-content\/uploads\/2016\/08\/Nikkieart_hert6-222x300.jpg\" alt=\"Nikkieart_hert6\" width=\"222\" height=\"300\" data-id=\"1379\" srcset=\"https:\/\/rommysgallery.com\/wp-content\/uploads\/2016\/08\/Nikkieart_hert6-222x300.jpg 222w, https:\/\/rommysgallery.com\/wp-content\/uploads\/2016\/08\/Nikkieart_hert6-300x406.jpg 300w, https:\/\/rommysgallery.com\/wp-content\/uploads\/2016\/08\/Nikkieart_hert6-260x352.jpg 260w, https:\/\/rommysgallery.com\/wp-content\/uploads\/2016\/08\/Nikkieart_hert6.jpg 425w\" sizes=\"auto, (max-width: 222px) 100vw, 222px\" \/><\/a><\/p>\n<p>Nuevo per\u00edodo, de vuelta a lo figurativo y la naturaleza La necesidad de volver a la naturaleza, la naturaleza es fuerte en m\u00ed. Pinta y dibuja tonos terrenales tranquilos con respeto y admiraci\u00f3n esta vez para el ciervo, el mensajero del amor. Con los ojos que dicen m\u00e1s lejos donde las palabras se pierden. Como espejos del alma hacen contacto &#8230;&#8230;. El tiempo es igualmente silencioso.<\/p>\n","protected":false},"excerpt":{"rendered":"<p>Hert6, acr\u00edlico, tiza sobre lienzo, 60 x 80, incluyendo marco 66 x 86<\/p>\n<p>Nikkie Lutgerhorst<\/p>\n<p>Tambi\u00e9n disponible bajo pedido en tama\u00f1os m\u00e1s grandes&hellip; <a class=\"kt-excerpt-readmore\" href=\"https:\/\/rommysgallery.com\/es\/producto\/hert-6\/\" aria-label=\"Hert 6\">Read More<\/a><\/p>\n","protected":false},"featured_media":3251,"comment_status":"open","ping_status":"closed","template":"","meta":{"kt_blocks_editor_width":""},"product_brand":[],"product_cat":[114,112],"product_tag":[],"class_list":{"0":"post-3252","1":"product","2":"type-product","3":"status-publish","4":"has-post-thumbnail","6":"product_cat-sin-categorizar","7":"product_cat-uncategorized","9":"first","10":"instock","11":"shipping-taxable","12":"purchasable","13":"product-type-simple"},"yoast_head":"<!-- This site is optimized with the Yoast SEO Premium plugin v14.8.1 - https:\/\/yoast.com\/wordpress\/plugins\/seo\/ -->\n<title>Hert 6 - rommysgallery<\/title>\n<meta name=\"robots\" content=\"index, follow\" \/>\n<meta name=\"googlebot\" content=\"index, follow, max-snippet:-1, max-image-preview:large, max-video-preview:-1\" \/>\n<meta name=\"bingbot\" content=\"index, follow, max-snippet:-1, max-image-preview:large, max-video-preview:-1\" \/>\n<link rel=\"canonical\" href=\"https:\/\/rommysgallery.com\/es\/producto\/hert-6\/\" \/>\n<meta property=\"og:locale\" content=\"es_ES\" \/>\n<meta property=\"og:type\" content=\"article\" \/>\n<meta property=\"og:title\" content=\"Hert 6 - rommysgallery\" \/>\n<meta property=\"og:description\" content=\"Hert6, acr\u00edlico, tiza sobre lienzo, 60 x 80, incluyendo marco 66 x 86  Nikkie Lutgerhorst  Tambi\u00e9n disponible bajo pedido en tama\u00f1os m\u00e1s grandes&hellip; Read More\" \/>\n<meta property=\"og:url\" content=\"https:\/\/rommysgallery.com\/es\/producto\/hert-6\/\" \/>\n<meta property=\"og:site_name\" content=\"rommysgallery\" \/>\n<meta property=\"article:publisher\" content=\"https:\/\/www.facebook.com\/kunstsuriname\/\" \/>\n<meta property=\"og:image\" content=\"https:\/\/rommysgallery.com\/wp-content\/uploads\/2016\/08\/Nikkieart_hert6.jpg\" \/>\n\t<meta property=\"og:image:width\" content=\"425\" \/>\n\t<meta property=\"og:image:height\" content=\"575\" \/>\n<meta name=\"twitter:card\" content=\"summary\" \/>\n<meta name=\"twitter:creator\" content=\"@rhrommy\" \/>\n<meta name=\"twitter:site\" content=\"@rhrommy\" \/>\n<script type=\"application\/ld+json\" class=\"yoast-schema-graph\">{\"@context\":\"https:\/\/schema.org\",\"@graph\":[{\"@type\":\"WebSite\",\"@id\":\"https:\/\/rommysgallery.com\/es\/#website\",\"url\":\"https:\/\/rommysgallery.com\/es\/\",\"name\":\"rommysgallery\",\"description\":\"\",\"potentialAction\":[{\"@type\":\"SearchAction\",\"target\":\"https:\/\/rommysgallery.com\/es\/?s={search_term_string}\",\"query-input\":\"required name=search_term_string\"}],\"inLanguage\":\"es\"},{\"@type\":\"ImageObject\",\"@id\":\"https:\/\/rommysgallery.com\/es\/producto\/hert-6\/#primaryimage\",\"inLanguage\":\"es\",\"url\":\"https:\/\/rommysgallery.com\/wp-content\/uploads\/2016\/08\/Nikkieart_hert6.jpg\",\"width\":425,\"height\":575},{\"@type\":\"WebPage\",\"@id\":\"https:\/\/rommysgallery.com\/es\/producto\/hert-6\/#webpage\",\"url\":\"https:\/\/rommysgallery.com\/es\/producto\/hert-6\/\",\"name\":\"Hert 6 - rommysgallery\",\"isPartOf\":{\"@id\":\"https:\/\/rommysgallery.com\/es\/#website\"},\"primaryImageOfPage\":{\"@id\":\"https:\/\/rommysgallery.com\/es\/producto\/hert-6\/#primaryimage\"},\"datePublished\":\"2016-08-04T22:33:36+00:00\",\"dateModified\":\"2016-08-04T22:33:36+00:00\",\"inLanguage\":\"es\",\"potentialAction\":[{\"@type\":\"ReadAction\",\"target\":[\"https:\/\/rommysgallery.com\/es\/producto\/hert-6\/\"]}]}]}<\/script>\n<!-- \/ Yoast SEO Premium plugin. -->","_links":{"self":[{"href":"https:\/\/rommysgallery.com\/es\/wp-json\/wp\/v2\/product\/3252","targetHints":{"allow":["GET"]}}],"collection":[{"href":"https:\/\/rommysgallery.com\/es\/wp-json\/wp\/v2\/product"}],"about":[{"href":"https:\/\/rommysgallery.com\/es\/wp-json\/wp\/v2\/types\/product"}],"replies":[{"embeddable":true,"href":"https:\/\/rommysgallery.com\/es\/wp-json\/wp\/v2\/comments?post=3252"}],"wp:featuredmedia":[{"embeddable":true,"href":"https:\/\/rommysgallery.com\/es\/wp-json\/wp\/v2\/media\/3251"}],"wp:attachment":[{"href":"https:\/\/rommysgallery.com\/es\/wp-json\/wp\/v2\/media?parent=3252"}],"wp:term":[{"taxonomy":"product_brand","embeddable":true,"href":"https:\/\/rommysgallery.com\/es\/wp-json\/wp\/v2\/product_brand?post=3252"},{"taxonomy":"product_cat","embeddable":true,"href":"https:\/\/rommysgallery.com\/es\/wp-json\/wp\/v2\/product_cat?post=3252"},{"taxonomy":"product_tag","embeddable":true,"href":"https:\/\/rommysgallery.com\/es\/wp-json\/wp\/v2\/product_tag?post=3252"}],"curies":[{"name":"wp","href":"https:\/\/api.w.org\/{rel}","templated":true}]}}