{"id":3228,"date":"2016-09-21T10:30:25","date_gmt":"2016-09-21T08:30:25","guid":{"rendered":"http:\/\/rommysgallery.com\/product\/elsje-fiederelsje\/"},"modified":"2016-09-21T10:30:25","modified_gmt":"2016-09-21T08:30:25","slug":"elsje-fiederelsje","status":"publish","type":"product","link":"https:\/\/rommysgallery.com\/es\/producto\/elsje-fiederelsje\/","title":{"rendered":"Elsje Fiederelsje"},"content":{"rendered":"<figure id=\"attachment_1403\" class=\"thumbnail wp-caption alignnone\" style=\"width: 300px\"><a href=\"http:\/\/rommysgallery.com\/wp-content\/uploads\/2016\/09\/Elsje-Fiderelsje.jpg\"><img loading=\"lazy\" decoding=\"async\" class=\"size-medium wp-image-1403\" src=\"http:\/\/rommysgallery.com\/wp-content\/uploads\/2016\/09\/Elsje-Fiderelsje-300x197.jpg\" alt=\"Elsje Fiederelsje\" width=\"300\" height=\"197\" data-id=\"1403\" srcset=\"https:\/\/rommysgallery.com\/wp-content\/uploads\/2016\/09\/Elsje-Fiderelsje-300x197.jpg 300w, https:\/\/rommysgallery.com\/wp-content\/uploads\/2016\/09\/Elsje-Fiderelsje-768x505.jpg 768w, https:\/\/rommysgallery.com\/wp-content\/uploads\/2016\/09\/Elsje-Fiderelsje-1024x674.jpg 1024w, https:\/\/rommysgallery.com\/wp-content\/uploads\/2016\/09\/Elsje-Fiderelsje-732x482.jpg 732w, https:\/\/rommysgallery.com\/wp-content\/uploads\/2016\/09\/Elsje-Fiderelsje-366x241.jpg 366w, https:\/\/rommysgallery.com\/wp-content\/uploads\/2016\/09\/Elsje-Fiderelsje-520x342.jpg 520w, https:\/\/rommysgallery.com\/wp-content\/uploads\/2016\/09\/Elsje-Fiderelsje-260x171.jpg 260w\" sizes=\"auto, (max-width: 300px) 100vw, 300px\" \/><\/a><figcaption class=\"caption wp-caption-text\">Elsje Fiederelsje<\/figcaption><\/figure>\n<p>\u2018Gloria holandesa\u2019<\/p>\n<p>Serie de pinturas en las que una hermosa, evidente, fuerte, feliz ni\u00f1a holandesa siempre representa una canci\u00f3n holandesa t\u00edpica en un ambiente holand\u00e9s. La serie consta ahora de 14 pinturas.<\/p>\n<p>Ah\u00ed en el molino<\/p>\n<p>Farmer \u00bfqu\u00e9 dices de mis pollos?<\/p>\n<p>En un pa\u00eds de monta\u00f1a verde<\/p>\n<p>Pussy mauw venga pronto<\/p>\n<p>S\u00f3lo saltar en la parte de atr\u00e1s<\/p>\n<p>Conducir la conducci\u00f3n en un coche<\/p>\n<p>Pecho rojo golpea contra la ventana<\/p>\n<p>Bajo sombrilla de la madre<\/p>\n<p>Sombrero de papel<\/p>\n<p>En un hongo grande<\/p>\n<p>Elsje Fiederelsje<\/p>\n<p>En el Maneschijn<\/p>\n<p>Hop Marjanneke<\/p>\n<p>Un globo que baila en el viento<\/p>\n<p>Sugerencias con canciones holandesas siempre son bienvenidos!<\/p>\n","protected":false},"excerpt":{"rendered":"<p>Elsje Fiederelsje, acryl\u00eeco sobre lienzo, 120 x 80<\/p>\n<p>Daan (Dani\u00eblle Benschop)<\/p>\n<p>&nbsp;&hellip; <a class=\"kt-excerpt-readmore\" href=\"https:\/\/rommysgallery.com\/es\/producto\/elsje-fiederelsje\/\" aria-label=\"Elsje Fiederelsje\">Read More<\/a><\/p>\n","protected":false},"featured_media":3227,"comment_status":"open","ping_status":"closed","template":"","meta":{"kt_blocks_editor_width":""},"product_brand":[],"product_cat":[114,112],"product_tag":[],"class_list":{"0":"post-3228","1":"product","2":"type-product","3":"status-publish","4":"has-post-thumbnail","6":"product_cat-sin-categorizar","7":"product_cat-uncategorized","9":"first","10":"instock","11":"shipping-taxable","12":"purchasable","13":"product-type-simple"},"yoast_head":"<!-- This site is optimized with the Yoast SEO Premium plugin v14.8.1 - https:\/\/yoast.com\/wordpress\/plugins\/seo\/ -->\n<title>Elsje Fiederelsje - rommysgallery<\/title>\n<meta name=\"robots\" content=\"index, follow\" \/>\n<meta name=\"googlebot\" content=\"index, follow, max-snippet:-1, max-image-preview:large, max-video-preview:-1\" \/>\n<meta name=\"bingbot\" content=\"index, follow, max-snippet:-1, max-image-preview:large, max-video-preview:-1\" \/>\n<link rel=\"canonical\" href=\"https:\/\/rommysgallery.com\/es\/producto\/elsje-fiederelsje\/\" \/>\n<meta property=\"og:locale\" content=\"es_ES\" \/>\n<meta property=\"og:type\" content=\"article\" \/>\n<meta property=\"og:title\" content=\"Elsje Fiederelsje - rommysgallery\" \/>\n<meta property=\"og:description\" content=\"Elsje Fiederelsje, acryl\u00eeco sobre lienzo, 120 x 80  Daan (Dani\u00eblle Benschop)  &nbsp;&hellip; Read More\" \/>\n<meta property=\"og:url\" content=\"https:\/\/rommysgallery.com\/es\/producto\/elsje-fiederelsje\/\" \/>\n<meta property=\"og:site_name\" content=\"rommysgallery\" \/>\n<meta property=\"article:publisher\" content=\"https:\/\/www.facebook.com\/kunstsuriname\/\" \/>\n<meta property=\"og:image\" content=\"https:\/\/rommysgallery.com\/wp-content\/uploads\/2016\/09\/Elsje-Fiderelsje.jpg\" \/>\n\t<meta property=\"og:image:width\" content=\"3199\" \/>\n\t<meta property=\"og:image:height\" content=\"2105\" \/>\n<meta name=\"twitter:card\" content=\"summary\" \/>\n<meta name=\"twitter:creator\" content=\"@rhrommy\" \/>\n<meta name=\"twitter:site\" content=\"@rhrommy\" \/>\n<script type=\"application\/ld+json\" class=\"yoast-schema-graph\">{\"@context\":\"https:\/\/schema.org\",\"@graph\":[{\"@type\":\"WebSite\",\"@id\":\"https:\/\/rommysgallery.com\/es\/#website\",\"url\":\"https:\/\/rommysgallery.com\/es\/\",\"name\":\"rommysgallery\",\"description\":\"\",\"potentialAction\":[{\"@type\":\"SearchAction\",\"target\":\"https:\/\/rommysgallery.com\/es\/?s={search_term_string}\",\"query-input\":\"required name=search_term_string\"}],\"inLanguage\":\"es\"},{\"@type\":\"ImageObject\",\"@id\":\"https:\/\/rommysgallery.com\/es\/producto\/elsje-fiederelsje\/#primaryimage\",\"inLanguage\":\"es\",\"url\":\"https:\/\/rommysgallery.com\/wp-content\/uploads\/2016\/09\/Elsje-Fiderelsje.jpg\",\"width\":3199,\"height\":2105,\"caption\":\"Elsje Fiederelsje\"},{\"@type\":\"WebPage\",\"@id\":\"https:\/\/rommysgallery.com\/es\/producto\/elsje-fiederelsje\/#webpage\",\"url\":\"https:\/\/rommysgallery.com\/es\/producto\/elsje-fiederelsje\/\",\"name\":\"Elsje Fiederelsje - rommysgallery\",\"isPartOf\":{\"@id\":\"https:\/\/rommysgallery.com\/es\/#website\"},\"primaryImageOfPage\":{\"@id\":\"https:\/\/rommysgallery.com\/es\/producto\/elsje-fiederelsje\/#primaryimage\"},\"datePublished\":\"2016-09-21T08:30:25+00:00\",\"dateModified\":\"2016-09-21T08:30:25+00:00\",\"inLanguage\":\"es\",\"potentialAction\":[{\"@type\":\"ReadAction\",\"target\":[\"https:\/\/rommysgallery.com\/es\/producto\/elsje-fiederelsje\/\"]}]}]}<\/script>\n<!-- \/ Yoast SEO Premium plugin. -->","_links":{"self":[{"href":"https:\/\/rommysgallery.com\/es\/wp-json\/wp\/v2\/product\/3228","targetHints":{"allow":["GET"]}}],"collection":[{"href":"https:\/\/rommysgallery.com\/es\/wp-json\/wp\/v2\/product"}],"about":[{"href":"https:\/\/rommysgallery.com\/es\/wp-json\/wp\/v2\/types\/product"}],"replies":[{"embeddable":true,"href":"https:\/\/rommysgallery.com\/es\/wp-json\/wp\/v2\/comments?post=3228"}],"wp:featuredmedia":[{"embeddable":true,"href":"https:\/\/rommysgallery.com\/es\/wp-json\/wp\/v2\/media\/3227"}],"wp:attachment":[{"href":"https:\/\/rommysgallery.com\/es\/wp-json\/wp\/v2\/media?parent=3228"}],"wp:term":[{"taxonomy":"product_brand","embeddable":true,"href":"https:\/\/rommysgallery.com\/es\/wp-json\/wp\/v2\/product_brand?post=3228"},{"taxonomy":"product_cat","embeddable":true,"href":"https:\/\/rommysgallery.com\/es\/wp-json\/wp\/v2\/product_cat?post=3228"},{"taxonomy":"product_tag","embeddable":true,"href":"https:\/\/rommysgallery.com\/es\/wp-json\/wp\/v2\/product_tag?post=3228"}],"curies":[{"name":"wp","href":"https:\/\/api.w.org\/{rel}","templated":true}]}}