{"id":3216,"date":"2016-09-21T11:26:56","date_gmt":"2016-09-21T09:26:56","guid":{"rendered":"http:\/\/rommysgallery.com\/product\/rijen-rijen-rijen-wagentje\/"},"modified":"2016-09-21T11:26:56","modified_gmt":"2016-09-21T09:26:56","slug":"rijen-rijen-rijen-wagentje","status":"publish","type":"product","link":"https:\/\/rommysgallery.com\/es\/producto\/rijen-rijen-rijen-wagentje\/","title":{"rendered":"Rijen rijen rijen in een wagentje"},"content":{"rendered":"<p><a href=\"http:\/\/rommysgallery.com\/wp-content\/uploads\/2016\/09\/Rijen-rijen-in-een-wagentje.jpg\"><img loading=\"lazy\" decoding=\"async\" class=\"alignnone size-medium wp-image-1465\" src=\"http:\/\/rommysgallery.com\/wp-content\/uploads\/2016\/09\/Rijen-rijen-in-een-wagentje-300x224.jpg\" alt=\"rijen-rijen-in-een-wagentje\" width=\"300\" height=\"224\" data-id=\"1465\" srcset=\"https:\/\/rommysgallery.com\/wp-content\/uploads\/2016\/09\/Rijen-rijen-in-een-wagentje-300x224.jpg 300w, https:\/\/rommysgallery.com\/wp-content\/uploads\/2016\/09\/Rijen-rijen-in-een-wagentje-768x574.jpg 768w, https:\/\/rommysgallery.com\/wp-content\/uploads\/2016\/09\/Rijen-rijen-in-een-wagentje-1024x765.jpg 1024w, https:\/\/rommysgallery.com\/wp-content\/uploads\/2016\/09\/Rijen-rijen-in-een-wagentje-520x388.jpg 520w, https:\/\/rommysgallery.com\/wp-content\/uploads\/2016\/09\/Rijen-rijen-in-een-wagentje-260x194.jpg 260w, https:\/\/rommysgallery.com\/wp-content\/uploads\/2016\/09\/Rijen-rijen-in-een-wagentje.jpg 2054w\" sizes=\"auto, (max-width: 300px) 100vw, 300px\" \/><\/a><\/p>\n<p>Rijen rijen rijen in een wagentje<\/p>\n<p>&#8216;Dutch Glory&#8217;<\/p>\n<p>Serie de pinturas en las que una hermosa, evidente, fuerte, feliz ni\u00f1a holandesa siempre representa una canci\u00f3n holandesa t\u00edpica en un ambiente holand\u00e9s. La serie consta ahora de 14 pinturas.<\/p>\n<p>Ah\u00ed en el molino<\/p>\n<p>Farmer \u00bfqu\u00e9 dices de mis pollos?<\/p>\n<p>En un pa\u00eds de monta\u00f1a verde<\/p>\n<p>Pussy mauw venga pronto<\/p>\n<p>S\u00f3lo saltar en la parte de atr\u00e1s<\/p>\n<p>Conducir la conducci\u00f3n en un coche<\/p>\n<p>Pecho rojo golpea contra la ventana<\/p>\n<p>Bajo sombrilla de la madre<\/p>\n<p>Sombrero de papel<\/p>\n<p>En un hongo grande<\/p>\n<p>Elsje Fiederelsje<\/p>\n<p>En el Maneschijn<\/p>\n<p>Hop Marjanneke<\/p>\n<p>Un globo que baila en el viento<\/p>\n<p>Sugerencias con canciones holandesas siempre son bienvenidos!<\/p>\n","protected":false},"excerpt":{"rendered":"<p>Rijen rijen rijen in een wagentje, acryl\u00eeco sobre lienzo, 60 x 80<\/p>\n<p>Daan (Dani\u00eblle Benschop)<\/p>\n<p>&nbsp;<\/p>\n<p>&nbsp;&hellip; <a class=\"kt-excerpt-readmore\" href=\"https:\/\/rommysgallery.com\/es\/producto\/rijen-rijen-rijen-wagentje\/\" aria-label=\"Rijen rijen rijen in een wagentje\">Read More<\/a><\/p>\n","protected":false},"featured_media":3215,"comment_status":"open","ping_status":"closed","template":"","meta":{"kt_blocks_editor_width":""},"product_brand":[],"product_cat":[114,112],"product_tag":[],"class_list":{"0":"post-3216","1":"product","2":"type-product","3":"status-publish","4":"has-post-thumbnail","6":"product_cat-sin-categorizar","7":"product_cat-uncategorized","9":"first","10":"instock","11":"shipping-taxable","12":"purchasable","13":"product-type-simple"},"yoast_head":"<!-- This site is optimized with the Yoast SEO Premium plugin v14.8.1 - https:\/\/yoast.com\/wordpress\/plugins\/seo\/ -->\n<title>Rijen rijen rijen in een wagentje - rommysgallery<\/title>\n<meta name=\"robots\" content=\"index, follow\" \/>\n<meta name=\"googlebot\" content=\"index, follow, max-snippet:-1, max-image-preview:large, max-video-preview:-1\" \/>\n<meta name=\"bingbot\" content=\"index, follow, max-snippet:-1, max-image-preview:large, max-video-preview:-1\" \/>\n<link rel=\"canonical\" href=\"https:\/\/rommysgallery.com\/es\/producto\/rijen-rijen-rijen-wagentje\/\" \/>\n<meta property=\"og:locale\" content=\"es_ES\" \/>\n<meta property=\"og:type\" content=\"article\" \/>\n<meta property=\"og:title\" content=\"Rijen rijen rijen in een wagentje - rommysgallery\" \/>\n<meta property=\"og:description\" content=\"Rijen rijen rijen in een wagentje, acryl\u00eeco sobre lienzo, 60 x 80  Daan (Dani\u00eblle Benschop)  &nbsp;  &nbsp;&hellip; Read More\" \/>\n<meta property=\"og:url\" content=\"https:\/\/rommysgallery.com\/es\/producto\/rijen-rijen-rijen-wagentje\/\" \/>\n<meta property=\"og:site_name\" content=\"rommysgallery\" \/>\n<meta property=\"article:publisher\" content=\"https:\/\/www.facebook.com\/kunstsuriname\/\" \/>\n<meta property=\"og:image\" content=\"https:\/\/rommysgallery.com\/wp-content\/uploads\/2016\/09\/Rijen-rijen-in-een-wagentje.jpg\" \/>\n\t<meta property=\"og:image:width\" content=\"2054\" \/>\n\t<meta property=\"og:image:height\" content=\"1534\" \/>\n<meta name=\"twitter:card\" content=\"summary\" \/>\n<meta name=\"twitter:creator\" content=\"@rhrommy\" \/>\n<meta name=\"twitter:site\" content=\"@rhrommy\" \/>\n<script type=\"application\/ld+json\" class=\"yoast-schema-graph\">{\"@context\":\"https:\/\/schema.org\",\"@graph\":[{\"@type\":\"WebSite\",\"@id\":\"https:\/\/rommysgallery.com\/es\/#website\",\"url\":\"https:\/\/rommysgallery.com\/es\/\",\"name\":\"rommysgallery\",\"description\":\"\",\"potentialAction\":[{\"@type\":\"SearchAction\",\"target\":\"https:\/\/rommysgallery.com\/es\/?s={search_term_string}\",\"query-input\":\"required name=search_term_string\"}],\"inLanguage\":\"es\"},{\"@type\":\"ImageObject\",\"@id\":\"https:\/\/rommysgallery.com\/es\/producto\/rijen-rijen-rijen-wagentje\/#primaryimage\",\"inLanguage\":\"es\",\"url\":\"https:\/\/rommysgallery.com\/wp-content\/uploads\/2016\/09\/Rijen-rijen-in-een-wagentje.jpg\",\"width\":2054,\"height\":1534},{\"@type\":\"WebPage\",\"@id\":\"https:\/\/rommysgallery.com\/es\/producto\/rijen-rijen-rijen-wagentje\/#webpage\",\"url\":\"https:\/\/rommysgallery.com\/es\/producto\/rijen-rijen-rijen-wagentje\/\",\"name\":\"Rijen rijen rijen in een wagentje - rommysgallery\",\"isPartOf\":{\"@id\":\"https:\/\/rommysgallery.com\/es\/#website\"},\"primaryImageOfPage\":{\"@id\":\"https:\/\/rommysgallery.com\/es\/producto\/rijen-rijen-rijen-wagentje\/#primaryimage\"},\"datePublished\":\"2016-09-21T09:26:56+00:00\",\"dateModified\":\"2016-09-21T09:26:56+00:00\",\"inLanguage\":\"es\",\"potentialAction\":[{\"@type\":\"ReadAction\",\"target\":[\"https:\/\/rommysgallery.com\/es\/producto\/rijen-rijen-rijen-wagentje\/\"]}]}]}<\/script>\n<!-- \/ Yoast SEO Premium plugin. -->","_links":{"self":[{"href":"https:\/\/rommysgallery.com\/es\/wp-json\/wp\/v2\/product\/3216","targetHints":{"allow":["GET"]}}],"collection":[{"href":"https:\/\/rommysgallery.com\/es\/wp-json\/wp\/v2\/product"}],"about":[{"href":"https:\/\/rommysgallery.com\/es\/wp-json\/wp\/v2\/types\/product"}],"replies":[{"embeddable":true,"href":"https:\/\/rommysgallery.com\/es\/wp-json\/wp\/v2\/comments?post=3216"}],"wp:featuredmedia":[{"embeddable":true,"href":"https:\/\/rommysgallery.com\/es\/wp-json\/wp\/v2\/media\/3215"}],"wp:attachment":[{"href":"https:\/\/rommysgallery.com\/es\/wp-json\/wp\/v2\/media?parent=3216"}],"wp:term":[{"taxonomy":"product_brand","embeddable":true,"href":"https:\/\/rommysgallery.com\/es\/wp-json\/wp\/v2\/product_brand?post=3216"},{"taxonomy":"product_cat","embeddable":true,"href":"https:\/\/rommysgallery.com\/es\/wp-json\/wp\/v2\/product_cat?post=3216"},{"taxonomy":"product_tag","embeddable":true,"href":"https:\/\/rommysgallery.com\/es\/wp-json\/wp\/v2\/product_tag?post=3216"}],"curies":[{"name":"wp","href":"https:\/\/api.w.org\/{rel}","templated":true}]}}