{"id":3210,"date":"2016-09-21T12:09:03","date_gmt":"2016-09-21T10:09:03","guid":{"rendered":"http:\/\/rommysgallery.com\/product\/ballonnetje-danst-wind\/"},"modified":"2025-06-20T13:21:39","modified_gmt":"2025-06-20T11:21:39","slug":"ballonnetje-danst-wind","status":"publish","type":"product","link":"https:\/\/rommysgallery.com\/es\/producto\/ballonnetje-danst-wind\/","title":{"rendered":"een ballonnetje dat danst in de wind"},"content":{"rendered":"<figure id=\"attachment_1404\" class=\"thumbnail wp-caption alignnone\" style=\"width: 300px\"><a href=\"http:\/\/rommysgallery.com\/wp-content\/uploads\/2016\/09\/ballonnetje.jpg\"><img loading=\"lazy\" decoding=\"async\" class=\"size-medium wp-image-1404\" src=\"http:\/\/rommysgallery.com\/wp-content\/uploads\/2016\/09\/ballonnetje-300x225.jpg\" alt=\"Een ballonnetje dat danst in de wind\" width=\"300\" height=\"225\" data-id=\"1404\" srcset=\"https:\/\/rommysgallery.com\/wp-content\/uploads\/2016\/09\/ballonnetje-300x225.jpg 300w, https:\/\/rommysgallery.com\/wp-content\/uploads\/2016\/09\/ballonnetje-768x576.jpg 768w, https:\/\/rommysgallery.com\/wp-content\/uploads\/2016\/09\/ballonnetje-1024x768.jpg 1024w, https:\/\/rommysgallery.com\/wp-content\/uploads\/2016\/09\/ballonnetje-732x550.jpg 732w, https:\/\/rommysgallery.com\/wp-content\/uploads\/2016\/09\/ballonnetje-366x275.jpg 366w, https:\/\/rommysgallery.com\/wp-content\/uploads\/2016\/09\/ballonnetje-520x390.jpg 520w, https:\/\/rommysgallery.com\/wp-content\/uploads\/2016\/09\/ballonnetje-260x195.jpg 260w\" sizes=\"auto, (max-width: 300px) 100vw, 300px\" \/><\/a><figcaption class=\"caption wp-caption-text\">Een ballonnetje dat danst in de wind<\/figcaption><\/figure>\n<p>&#8216;Gloria holandesa&#8217;<\/p>\n<p>Serie de pinturas en las que una hermosa, evidente, fuerte, feliz holandesa siempre representa una t\u00edpica canci\u00f3n holandesa en un ambiente holand\u00e9s. La serie consta ahora de 14 pinturas.<\/p>\n<p>All\u00ed en el molino<\/p>\n<p>Agricultor \u00bfqu\u00e9 dices de mis pollos?<\/p>\n<p>En una colina verde<\/p>\n<p>Pussy mauw viene pronto<\/p>\n<p>Solo salta en la espalda<\/p>\n<p>Filas filas en un carro<\/p>\n<p>Pecho rojo golpea contra la ventana<\/p>\n<p>Bajo el paraguas de la madre<\/p>\n<p>Sombrero de papel<\/p>\n<p>En un hongo grande<\/p>\n<p>Elsje Fiederelsje<\/p>\n<p>En el Maneschijn<\/p>\n<p>Hop Marjanneke<\/p>\n<p>Un globo que baila en el viento<\/p>\n<p>Sugerencias con canciones holandesas son siempre bienvenidas!<\/p>\n","protected":false},"excerpt":{"rendered":"<p>een ballonnetje dat danst in de wind, acryl\u00eeco sobre lienzo, 100 x 80<\/p>\n<p>Daan (Dani\u00eblle Benschop)<\/p>\n<p>&nbsp;&hellip; <a class=\"kt-excerpt-readmore\" href=\"https:\/\/rommysgallery.com\/es\/producto\/ballonnetje-danst-wind\/\" aria-label=\"een ballonnetje dat danst in de wind\">Read More<\/a><\/p>\n","protected":false},"featured_media":3209,"comment_status":"open","ping_status":"closed","template":"","meta":{"kt_blocks_editor_width":""},"product_brand":[],"product_cat":[114,112],"product_tag":[],"class_list":{"0":"post-3210","1":"product","2":"type-product","3":"status-publish","4":"has-post-thumbnail","6":"product_cat-sin-categorizar","7":"product_cat-uncategorized","9":"first","10":"instock","11":"shipping-taxable","12":"purchasable","13":"product-type-simple"},"yoast_head":"<!-- This site is optimized with the Yoast SEO Premium plugin v14.8.1 - https:\/\/yoast.com\/wordpress\/plugins\/seo\/ -->\n<title>een ballonnetje dat danst in de wind - rommysgallery<\/title>\n<meta name=\"robots\" content=\"index, follow\" \/>\n<meta name=\"googlebot\" content=\"index, follow, max-snippet:-1, max-image-preview:large, max-video-preview:-1\" \/>\n<meta name=\"bingbot\" content=\"index, follow, max-snippet:-1, max-image-preview:large, max-video-preview:-1\" \/>\n<link rel=\"canonical\" href=\"https:\/\/rommysgallery.com\/es\/producto\/ballonnetje-danst-wind\/\" \/>\n<meta property=\"og:locale\" content=\"es_ES\" \/>\n<meta property=\"og:type\" content=\"article\" \/>\n<meta property=\"og:title\" content=\"een ballonnetje dat danst in de wind - rommysgallery\" \/>\n<meta property=\"og:description\" content=\"een ballonnetje dat danst in de wind, acryl\u00eeco sobre lienzo, 100 x 80  Daan (Dani\u00eblle Benschop)  &nbsp;&hellip; Read More\" \/>\n<meta property=\"og:url\" content=\"https:\/\/rommysgallery.com\/es\/producto\/ballonnetje-danst-wind\/\" \/>\n<meta property=\"og:site_name\" content=\"rommysgallery\" \/>\n<meta property=\"article:publisher\" content=\"https:\/\/www.facebook.com\/kunstsuriname\/\" \/>\n<meta property=\"article:modified_time\" content=\"2025-06-20T11:21:39+00:00\" \/>\n<meta property=\"og:image\" content=\"https:\/\/rommysgallery.com\/wp-content\/uploads\/2016\/09\/ballonnetje.jpg\" \/>\n\t<meta property=\"og:image:width\" content=\"3264\" \/>\n\t<meta property=\"og:image:height\" content=\"2448\" \/>\n<meta name=\"twitter:card\" content=\"summary\" \/>\n<meta name=\"twitter:creator\" content=\"@rhrommy\" \/>\n<meta name=\"twitter:site\" content=\"@rhrommy\" \/>\n<script type=\"application\/ld+json\" class=\"yoast-schema-graph\">{\"@context\":\"https:\/\/schema.org\",\"@graph\":[{\"@type\":\"WebSite\",\"@id\":\"https:\/\/rommysgallery.com\/es\/#website\",\"url\":\"https:\/\/rommysgallery.com\/es\/\",\"name\":\"rommysgallery\",\"description\":\"\",\"potentialAction\":[{\"@type\":\"SearchAction\",\"target\":\"https:\/\/rommysgallery.com\/es\/?s={search_term_string}\",\"query-input\":\"required name=search_term_string\"}],\"inLanguage\":\"es\"},{\"@type\":\"ImageObject\",\"@id\":\"https:\/\/rommysgallery.com\/es\/producto\/ballonnetje-danst-wind\/#primaryimage\",\"inLanguage\":\"es\",\"url\":\"https:\/\/rommysgallery.com\/wp-content\/uploads\/2016\/09\/ballonnetje.jpg\",\"width\":3264,\"height\":2448,\"caption\":\"Een ballonnetje dat danst in de wind\"},{\"@type\":\"WebPage\",\"@id\":\"https:\/\/rommysgallery.com\/es\/producto\/ballonnetje-danst-wind\/#webpage\",\"url\":\"https:\/\/rommysgallery.com\/es\/producto\/ballonnetje-danst-wind\/\",\"name\":\"een ballonnetje dat danst in de wind - rommysgallery\",\"isPartOf\":{\"@id\":\"https:\/\/rommysgallery.com\/es\/#website\"},\"primaryImageOfPage\":{\"@id\":\"https:\/\/rommysgallery.com\/es\/producto\/ballonnetje-danst-wind\/#primaryimage\"},\"datePublished\":\"2016-09-21T10:09:03+00:00\",\"dateModified\":\"2025-06-20T11:21:39+00:00\",\"inLanguage\":\"es\",\"potentialAction\":[{\"@type\":\"ReadAction\",\"target\":[\"https:\/\/rommysgallery.com\/es\/producto\/ballonnetje-danst-wind\/\"]}]}]}<\/script>\n<!-- \/ Yoast SEO Premium plugin. -->","_links":{"self":[{"href":"https:\/\/rommysgallery.com\/es\/wp-json\/wp\/v2\/product\/3210","targetHints":{"allow":["GET"]}}],"collection":[{"href":"https:\/\/rommysgallery.com\/es\/wp-json\/wp\/v2\/product"}],"about":[{"href":"https:\/\/rommysgallery.com\/es\/wp-json\/wp\/v2\/types\/product"}],"replies":[{"embeddable":true,"href":"https:\/\/rommysgallery.com\/es\/wp-json\/wp\/v2\/comments?post=3210"}],"wp:featuredmedia":[{"embeddable":true,"href":"https:\/\/rommysgallery.com\/es\/wp-json\/wp\/v2\/media\/3209"}],"wp:attachment":[{"href":"https:\/\/rommysgallery.com\/es\/wp-json\/wp\/v2\/media?parent=3210"}],"wp:term":[{"taxonomy":"product_brand","embeddable":true,"href":"https:\/\/rommysgallery.com\/es\/wp-json\/wp\/v2\/product_brand?post=3210"},{"taxonomy":"product_cat","embeddable":true,"href":"https:\/\/rommysgallery.com\/es\/wp-json\/wp\/v2\/product_cat?post=3210"},{"taxonomy":"product_tag","embeddable":true,"href":"https:\/\/rommysgallery.com\/es\/wp-json\/wp\/v2\/product_tag?post=3210"}],"curies":[{"name":"wp","href":"https:\/\/api.w.org\/{rel}","templated":true}]}}