{"id":3044,"date":"2017-08-19T19:01:00","date_gmt":"2017-08-19T17:01:00","guid":{"rendered":"http:\/\/rommysgallery.com\/product\/handelskade-curacao\/"},"modified":"2024-10-25T12:01:38","modified_gmt":"2024-10-25T10:01:38","slug":"handelskade-curacao","status":"publish","type":"product","link":"https:\/\/rommysgallery.com\/es\/producto\/handelskade-curacao\/","title":{"rendered":"Handelskade Cura\u00e7ao"},"content":{"rendered":"<p><a href=\"http:\/\/rommysgallery.com\/wp-content\/uploads\/2017\/08\/Handelskade-Curacao-pastel-on-paper-31x41cms-incl.-passepartout-glass-alum.frame_.-Prijs-\u20ac100-\u20ac25-\u20ac125.jpg\"><img loading=\"lazy\" decoding=\"async\" class=\"alignnone size-medium wp-image-2351\" src=\"https:\/\/rommysgallery.com\/wp-content\/uploads\/2017\/08\/Handelskade-Curacao-pastel-on-paper-31x41cms-incl.-passepartout-glass-alum.frame_.-Prijs-\u20ac100-\u20ac25-\u20ac125-300x193.jpg\" alt=\"\" width=\"300\" height=\"193\" data-id=\"2351\" srcset=\"https:\/\/rommysgallery.com\/wp-content\/uploads\/2017\/08\/Handelskade-Curacao-pastel-on-paper-31x41cms-incl.-passepartout-glass-alum.frame_.-Prijs-\u20ac100-\u20ac25-\u20ac125-300x193.jpg 300w, https:\/\/rommysgallery.com\/wp-content\/uploads\/2017\/08\/Handelskade-Curacao-pastel-on-paper-31x41cms-incl.-passepartout-glass-alum.frame_.-Prijs-\u20ac100-\u20ac25-\u20ac125-768x495.jpg 768w, https:\/\/rommysgallery.com\/wp-content\/uploads\/2017\/08\/Handelskade-Curacao-pastel-on-paper-31x41cms-incl.-passepartout-glass-alum.frame_.-Prijs-\u20ac100-\u20ac25-\u20ac125-1024x660.jpg 1024w, https:\/\/rommysgallery.com\/wp-content\/uploads\/2017\/08\/Handelskade-Curacao-pastel-on-paper-31x41cms-incl.-passepartout-glass-alum.frame_.-Prijs-\u20ac100-\u20ac25-\u20ac125-80x50.jpg 80w, https:\/\/rommysgallery.com\/wp-content\/uploads\/2017\/08\/Handelskade-Curacao-pastel-on-paper-31x41cms-incl.-passepartout-glass-alum.frame_.-Prijs-\u20ac100-\u20ac25-\u20ac125-520x334.jpg 520w, https:\/\/rommysgallery.com\/wp-content\/uploads\/2017\/08\/Handelskade-Curacao-pastel-on-paper-31x41cms-incl.-passepartout-glass-alum.frame_.-Prijs-\u20ac100-\u20ac25-\u20ac125-260x167.jpg 260w, https:\/\/rommysgallery.com\/wp-content\/uploads\/2017\/08\/Handelskade-Curacao-pastel-on-paper-31x41cms-incl.-passepartout-glass-alum.frame_.-Prijs-\u20ac100-\u20ac25-\u20ac125.jpg 1079w\" sizes=\"auto, (max-width: 300px) 100vw, 300px\" \/><\/a><\/p>\n","protected":false},"excerpt":{"rendered":"<p>Da\u00f1os comerciales Cura\u00e7ao, pastel sobre papel, 31 x 41, incluyendo cart\u00f3n, cristal y marco de aluminio<\/p>\n<p>Norma van Elburg-Jessurun<\/p>\n<p>&nbsp;<\/p>\n<p>\u00bfQuieres una pintura tan hermosa de un lugar especial? Eso se puede hacer a la orden. No dude en ponerse en contacto conmigo, o enviar un correo electr\u00f3nico con una foto de ese lugar especial.&hellip; <a class=\"kt-excerpt-readmore\" href=\"https:\/\/rommysgallery.com\/es\/producto\/handelskade-curacao\/\" aria-label=\"Handelskade Cura\u00e7ao\">Read More<\/a><\/p>\n","protected":false},"featured_media":3045,"comment_status":"open","ping_status":"closed","template":"","meta":{"kt_blocks_editor_width":""},"product_brand":[],"product_cat":[114],"product_tag":[],"class_list":{"0":"post-3044","1":"product","2":"type-product","3":"status-publish","4":"has-post-thumbnail","6":"product_cat-sin-categorizar","7":"product_shipping_class-norma-van-elburg-jessurun-es","9":"first","10":"instock","11":"shipping-taxable","12":"purchasable","13":"product-type-simple"},"yoast_head":"<!-- This site is optimized with the Yoast SEO Premium plugin v14.8.1 - https:\/\/yoast.com\/wordpress\/plugins\/seo\/ -->\n<title>Handelskade Cura\u00e7ao - rommysgallery<\/title>\n<meta name=\"robots\" content=\"index, follow\" \/>\n<meta name=\"googlebot\" content=\"index, follow, max-snippet:-1, max-image-preview:large, max-video-preview:-1\" \/>\n<meta name=\"bingbot\" content=\"index, follow, max-snippet:-1, max-image-preview:large, max-video-preview:-1\" \/>\n<link rel=\"canonical\" href=\"https:\/\/rommysgallery.com\/es\/producto\/handelskade-curacao\/\" \/>\n<meta property=\"og:locale\" content=\"es_ES\" \/>\n<meta property=\"og:type\" content=\"article\" \/>\n<meta property=\"og:title\" content=\"Handelskade Cura\u00e7ao - rommysgallery\" \/>\n<meta property=\"og:description\" content=\"Da\u00f1os comerciales Cura\u00e7ao, pastel sobre papel, 31 x 41, incluyendo cart\u00f3n, cristal y marco de aluminio  Norma van Elburg-Jessurun  &nbsp;  \u00bfQuieres una pintura tan hermosa de un lugar especial? Eso se puede hacer a la orden. No dude en ponerse en contacto conmigo, o enviar un correo electr\u00f3nico con una foto de ese lugar especial.&hellip; Read More\" \/>\n<meta property=\"og:url\" content=\"https:\/\/rommysgallery.com\/es\/producto\/handelskade-curacao\/\" \/>\n<meta property=\"og:site_name\" content=\"rommysgallery\" \/>\n<meta property=\"article:publisher\" content=\"https:\/\/www.facebook.com\/kunstsuriname\/\" \/>\n<meta property=\"article:modified_time\" content=\"2024-10-25T10:01:38+00:00\" \/>\n<meta property=\"og:image\" content=\"https:\/\/rommysgallery.com\/wp-content\/uploads\/2017\/08\/Handelskade-Curacao-pastel-on-paper-31x41cms-incl.-passepartout-glass-alum.frame_.-Prijs-\u20ac100-\u20ac25-\u20ac125.jpg\" \/>\n\t<meta property=\"og:image:width\" content=\"1079\" \/>\n\t<meta property=\"og:image:height\" content=\"695\" \/>\n<meta name=\"twitter:card\" content=\"summary\" \/>\n<meta name=\"twitter:creator\" content=\"@rhrommy\" \/>\n<meta name=\"twitter:site\" content=\"@rhrommy\" \/>\n<script type=\"application\/ld+json\" class=\"yoast-schema-graph\">{\"@context\":\"https:\/\/schema.org\",\"@graph\":[{\"@type\":\"WebSite\",\"@id\":\"https:\/\/rommysgallery.com\/es\/#website\",\"url\":\"https:\/\/rommysgallery.com\/es\/\",\"name\":\"rommysgallery\",\"description\":\"\",\"potentialAction\":[{\"@type\":\"SearchAction\",\"target\":\"https:\/\/rommysgallery.com\/es\/?s={search_term_string}\",\"query-input\":\"required name=search_term_string\"}],\"inLanguage\":\"es\"},{\"@type\":\"ImageObject\",\"@id\":\"https:\/\/rommysgallery.com\/es\/producto\/handelskade-curacao\/#primaryimage\",\"inLanguage\":\"es\",\"url\":\"https:\/\/rommysgallery.com\/wp-content\/uploads\/2017\/08\/Handelskade-Curacao-pastel-on-paper-31x41cms-incl.-passepartout-glass-alum.frame_.-Prijs-\\u20ac100-\\u20ac25-\\u20ac125.jpg\",\"width\":1079,\"height\":695},{\"@type\":\"WebPage\",\"@id\":\"https:\/\/rommysgallery.com\/es\/producto\/handelskade-curacao\/#webpage\",\"url\":\"https:\/\/rommysgallery.com\/es\/producto\/handelskade-curacao\/\",\"name\":\"Handelskade Cura\\u00e7ao - rommysgallery\",\"isPartOf\":{\"@id\":\"https:\/\/rommysgallery.com\/es\/#website\"},\"primaryImageOfPage\":{\"@id\":\"https:\/\/rommysgallery.com\/es\/producto\/handelskade-curacao\/#primaryimage\"},\"datePublished\":\"2017-08-19T17:01:00+00:00\",\"dateModified\":\"2024-10-25T10:01:38+00:00\",\"inLanguage\":\"es\",\"potentialAction\":[{\"@type\":\"ReadAction\",\"target\":[\"https:\/\/rommysgallery.com\/es\/producto\/handelskade-curacao\/\"]}]}]}<\/script>\n<!-- \/ Yoast SEO Premium plugin. -->","_links":{"self":[{"href":"https:\/\/rommysgallery.com\/es\/wp-json\/wp\/v2\/product\/3044","targetHints":{"allow":["GET"]}}],"collection":[{"href":"https:\/\/rommysgallery.com\/es\/wp-json\/wp\/v2\/product"}],"about":[{"href":"https:\/\/rommysgallery.com\/es\/wp-json\/wp\/v2\/types\/product"}],"replies":[{"embeddable":true,"href":"https:\/\/rommysgallery.com\/es\/wp-json\/wp\/v2\/comments?post=3044"}],"wp:featuredmedia":[{"embeddable":true,"href":"https:\/\/rommysgallery.com\/es\/wp-json\/wp\/v2\/media\/3045"}],"wp:attachment":[{"href":"https:\/\/rommysgallery.com\/es\/wp-json\/wp\/v2\/media?parent=3044"}],"wp:term":[{"taxonomy":"product_brand","embeddable":true,"href":"https:\/\/rommysgallery.com\/es\/wp-json\/wp\/v2\/product_brand?post=3044"},{"taxonomy":"product_cat","embeddable":true,"href":"https:\/\/rommysgallery.com\/es\/wp-json\/wp\/v2\/product_cat?post=3044"},{"taxonomy":"product_tag","embeddable":true,"href":"https:\/\/rommysgallery.com\/es\/wp-json\/wp\/v2\/product_tag?post=3044"}],"curies":[{"name":"wp","href":"https:\/\/api.w.org\/{rel}","templated":true}]}}