{"id":3032,"date":"2017-08-19T21:17:03","date_gmt":"2017-08-19T19:17:03","guid":{"rendered":"http:\/\/rommysgallery.com\/product\/landhuis-san-sebastian\/"},"modified":"2017-08-19T21:17:03","modified_gmt":"2017-08-19T19:17:03","slug":"landhuis-san-sebastian","status":"publish","type":"product","link":"https:\/\/rommysgallery.com\/es\/producto\/landhuis-san-sebastian\/","title":{"rendered":"Landhuis San Sebastian"},"content":{"rendered":"<p><a href=\"http:\/\/rommysgallery.com\/wp-content\/uploads\/2017\/08\/Landhuis-San-Sebastian-mixed-technique-pastel-acrylic-on-paper-41x51cms-incl.-passepartout-glass-alum.frame-Prijs-\u20ac100-\u20ac25-\u20ac125.jpg\"><img loading=\"lazy\" decoding=\"async\" class=\"alignnone size-medium wp-image-2357\" src=\"http:\/\/rommysgallery.com\/wp-content\/uploads\/2017\/08\/Landhuis-San-Sebastian-mixed-technique-pastel-acrylic-on-paper-41x51cms-incl.-passepartout-glass-alum.frame-Prijs-\u20ac100-\u20ac25-\u20ac125-300x231.jpg\" alt=\"\" width=\"300\" height=\"231\" data-id=\"2357\" srcset=\"https:\/\/rommysgallery.com\/wp-content\/uploads\/2017\/08\/Landhuis-San-Sebastian-mixed-technique-pastel-acrylic-on-paper-41x51cms-incl.-passepartout-glass-alum.frame-Prijs-\u20ac100-\u20ac25-\u20ac125-300x231.jpg 300w, https:\/\/rommysgallery.com\/wp-content\/uploads\/2017\/08\/Landhuis-San-Sebastian-mixed-technique-pastel-acrylic-on-paper-41x51cms-incl.-passepartout-glass-alum.frame-Prijs-\u20ac100-\u20ac25-\u20ac125-768x591.jpg 768w, https:\/\/rommysgallery.com\/wp-content\/uploads\/2017\/08\/Landhuis-San-Sebastian-mixed-technique-pastel-acrylic-on-paper-41x51cms-incl.-passepartout-glass-alum.frame-Prijs-\u20ac100-\u20ac25-\u20ac125-1024x789.jpg 1024w, https:\/\/rommysgallery.com\/wp-content\/uploads\/2017\/08\/Landhuis-San-Sebastian-mixed-technique-pastel-acrylic-on-paper-41x51cms-incl.-passepartout-glass-alum.frame-Prijs-\u20ac100-\u20ac25-\u20ac125-520x400.jpg 520w, https:\/\/rommysgallery.com\/wp-content\/uploads\/2017\/08\/Landhuis-San-Sebastian-mixed-technique-pastel-acrylic-on-paper-41x51cms-incl.-passepartout-glass-alum.frame-Prijs-\u20ac100-\u20ac25-\u20ac125-260x200.jpg 260w\" sizes=\"auto, (max-width: 300px) 100vw, 300px\" \/><\/a><\/p>\n","protected":false},"excerpt":{"rendered":"<p>Casa de campo de San Sebasti\u00e1n, t\u00e9cnica mixta acr\u00edlico pastel sobre papel, 41 x 51, incluida la lista passe-partout, vidrio y marco de aluminio<\/p>\n<p>Norma van Elburg-Jessurun<\/p>\n<p>&nbsp;<\/p>\n<p>\u00bfQuieres una pintura tan hermosa de un lugar especial? Eso se puede hacer a la orden. No dude en ponerse en contacto conmigo, o enviar un correo electr\u00f3nico con una foto de ese lugar especial.&hellip; <a class=\"kt-excerpt-readmore\" href=\"https:\/\/rommysgallery.com\/es\/producto\/landhuis-san-sebastian\/\" aria-label=\"Landhuis San Sebastian\">Read More<\/a><\/p>\n","protected":false},"featured_media":3031,"comment_status":"open","ping_status":"closed","template":"","meta":{"kt_blocks_editor_width":""},"product_brand":[],"product_cat":[114,112],"product_tag":[],"class_list":{"0":"post-3032","1":"product","2":"type-product","3":"status-publish","4":"has-post-thumbnail","6":"product_cat-sin-categorizar","7":"product_cat-uncategorized","8":"product_shipping_class-norma-van-elburg-jessurun-es","10":"first","11":"instock","12":"shipping-taxable","13":"purchasable","14":"product-type-simple"},"yoast_head":"<!-- This site is optimized with the Yoast SEO Premium plugin v14.8.1 - https:\/\/yoast.com\/wordpress\/plugins\/seo\/ -->\n<title>Landhuis San Sebastian - rommysgallery<\/title>\n<meta name=\"robots\" content=\"index, follow\" \/>\n<meta name=\"googlebot\" content=\"index, follow, max-snippet:-1, max-image-preview:large, max-video-preview:-1\" \/>\n<meta name=\"bingbot\" content=\"index, follow, max-snippet:-1, max-image-preview:large, max-video-preview:-1\" \/>\n<link rel=\"canonical\" href=\"https:\/\/rommysgallery.com\/es\/producto\/landhuis-san-sebastian\/\" \/>\n<meta property=\"og:locale\" content=\"es_ES\" \/>\n<meta property=\"og:type\" content=\"article\" \/>\n<meta property=\"og:title\" content=\"Landhuis San Sebastian - rommysgallery\" \/>\n<meta property=\"og:description\" content=\"Casa de campo de San Sebasti\u00e1n, t\u00e9cnica mixta acr\u00edlico pastel sobre papel, 41 x 51, incluida la lista passe-partout, vidrio y marco de aluminio  Norma van Elburg-Jessurun  &nbsp;  \u00bfQuieres una pintura tan hermosa de un lugar especial? Eso se puede hacer a la orden. No dude en ponerse en contacto conmigo, o enviar un correo electr\u00f3nico con una foto de ese lugar especial.&hellip; Read More\" \/>\n<meta property=\"og:url\" content=\"https:\/\/rommysgallery.com\/es\/producto\/landhuis-san-sebastian\/\" \/>\n<meta property=\"og:site_name\" content=\"rommysgallery\" \/>\n<meta property=\"article:publisher\" content=\"https:\/\/www.facebook.com\/kunstsuriname\/\" \/>\n<meta property=\"og:image\" content=\"https:\/\/rommysgallery.com\/wp-content\/uploads\/2017\/08\/Landhuis-San-Sebastian-mixed-technique-pastel-acrylic-on-paper-41x51cms-incl.-passepartout-glass-alum.frame-Prijs-\u20ac100-\u20ac25-\u20ac125.jpg\" \/>\n\t<meta property=\"og:image:width\" content=\"2470\" \/>\n\t<meta property=\"og:image:height\" content=\"1902\" \/>\n<meta name=\"twitter:card\" content=\"summary\" \/>\n<meta name=\"twitter:creator\" content=\"@rhrommy\" \/>\n<meta name=\"twitter:site\" content=\"@rhrommy\" \/>\n<script type=\"application\/ld+json\" class=\"yoast-schema-graph\">{\"@context\":\"https:\/\/schema.org\",\"@graph\":[{\"@type\":\"WebSite\",\"@id\":\"https:\/\/rommysgallery.com\/es\/#website\",\"url\":\"https:\/\/rommysgallery.com\/es\/\",\"name\":\"rommysgallery\",\"description\":\"\",\"potentialAction\":[{\"@type\":\"SearchAction\",\"target\":\"https:\/\/rommysgallery.com\/es\/?s={search_term_string}\",\"query-input\":\"required name=search_term_string\"}],\"inLanguage\":\"es\"},{\"@type\":\"ImageObject\",\"@id\":\"https:\/\/rommysgallery.com\/es\/producto\/landhuis-san-sebastian\/#primaryimage\",\"inLanguage\":\"es\",\"url\":\"https:\/\/rommysgallery.com\/wp-content\/uploads\/2017\/08\/Landhuis-San-Sebastian-mixed-technique-pastel-acrylic-on-paper-41x51cms-incl.-passepartout-glass-alum.frame-Prijs-\\u20ac100-\\u20ac25-\\u20ac125.jpg\",\"width\":2470,\"height\":1902},{\"@type\":\"WebPage\",\"@id\":\"https:\/\/rommysgallery.com\/es\/producto\/landhuis-san-sebastian\/#webpage\",\"url\":\"https:\/\/rommysgallery.com\/es\/producto\/landhuis-san-sebastian\/\",\"name\":\"Landhuis San Sebastian - rommysgallery\",\"isPartOf\":{\"@id\":\"https:\/\/rommysgallery.com\/es\/#website\"},\"primaryImageOfPage\":{\"@id\":\"https:\/\/rommysgallery.com\/es\/producto\/landhuis-san-sebastian\/#primaryimage\"},\"datePublished\":\"2017-08-19T19:17:03+00:00\",\"dateModified\":\"2017-08-19T19:17:03+00:00\",\"inLanguage\":\"es\",\"potentialAction\":[{\"@type\":\"ReadAction\",\"target\":[\"https:\/\/rommysgallery.com\/es\/producto\/landhuis-san-sebastian\/\"]}]}]}<\/script>\n<!-- \/ Yoast SEO Premium plugin. -->","_links":{"self":[{"href":"https:\/\/rommysgallery.com\/es\/wp-json\/wp\/v2\/product\/3032","targetHints":{"allow":["GET"]}}],"collection":[{"href":"https:\/\/rommysgallery.com\/es\/wp-json\/wp\/v2\/product"}],"about":[{"href":"https:\/\/rommysgallery.com\/es\/wp-json\/wp\/v2\/types\/product"}],"replies":[{"embeddable":true,"href":"https:\/\/rommysgallery.com\/es\/wp-json\/wp\/v2\/comments?post=3032"}],"wp:featuredmedia":[{"embeddable":true,"href":"https:\/\/rommysgallery.com\/es\/wp-json\/wp\/v2\/media\/3031"}],"wp:attachment":[{"href":"https:\/\/rommysgallery.com\/es\/wp-json\/wp\/v2\/media?parent=3032"}],"wp:term":[{"taxonomy":"product_brand","embeddable":true,"href":"https:\/\/rommysgallery.com\/es\/wp-json\/wp\/v2\/product_brand?post=3032"},{"taxonomy":"product_cat","embeddable":true,"href":"https:\/\/rommysgallery.com\/es\/wp-json\/wp\/v2\/product_cat?post=3032"},{"taxonomy":"product_tag","embeddable":true,"href":"https:\/\/rommysgallery.com\/es\/wp-json\/wp\/v2\/product_tag?post=3032"}],"curies":[{"name":"wp","href":"https:\/\/api.w.org\/{rel}","templated":true}]}}