{"id":3020,"date":"2017-09-13T21:30:10","date_gmt":"2017-09-13T19:30:10","guid":{"rendered":"http:\/\/rommysgallery.com\/product\/afaka-schrift-1\/"},"modified":"2017-10-22T14:25:45","modified_gmt":"2017-10-22T12:25:45","slug":"afaka-schrift-1","status":"publish","type":"product","link":"https:\/\/rommysgallery.com\/es\/producto\/afaka-schrift-1\/","title":{"rendered":"Afaka Schrift 1"},"content":{"rendered":"<p><a href=\"http:\/\/rommysgallery.com\/wp-content\/uploads\/2017\/09\/FullSizeRender.jpg\"><img loading=\"lazy\" decoding=\"async\" class=\"alignnone size-medium wp-image-2549\" src=\"https:\/\/rommysgallery.com\/wp-content\/uploads\/2017\/09\/FullSizeRender-208x300.jpg\" alt=\"\" width=\"208\" height=\"300\" data-id=\"2549\" srcset=\"https:\/\/rommysgallery.com\/wp-content\/uploads\/2017\/09\/FullSizeRender-208x300.jpg 208w, https:\/\/rommysgallery.com\/wp-content\/uploads\/2017\/09\/FullSizeRender-300x432.jpg 300w, https:\/\/rommysgallery.com\/wp-content\/uploads\/2017\/09\/FullSizeRender-260x375.jpg 260w, https:\/\/rommysgallery.com\/wp-content\/uploads\/2017\/09\/FullSizeRender.jpg 444w\" sizes=\"auto, (max-width: 208px) 100vw, 208px\" \/><\/a><\/p>\n<p>El Af\u00e1kaschrift originalmente consta de 56 caracteres m\u00e1s 2 caracteres adicionales, una l\u00ednea vertical corta para el punto, la coma, y \u200b\u200bas\u00ed sucesivamente, y una l\u00ednea de devanado para marcar el final de una p\u00e1gina.<\/p>\n","protected":false},"excerpt":{"rendered":"<p>Af\u00e5ka Schrift 1, Acr\u00eelico sobre lienzo, 55 x 38<\/p>\n<p>Marcel Pinas&hellip; <a class=\"kt-excerpt-readmore\" href=\"https:\/\/rommysgallery.com\/es\/producto\/afaka-schrift-1\/\" aria-label=\"Afaka Schrift 1\">Read More<\/a><\/p>\n","protected":false},"featured_media":2551,"comment_status":"open","ping_status":"closed","template":"","meta":{"kt_blocks_editor_width":""},"product_brand":[],"product_cat":[114],"product_tag":[],"class_list":{"0":"post-3020","1":"product","2":"type-product","3":"status-publish","4":"has-post-thumbnail","6":"product_cat-sin-categorizar","7":"product_shipping_class-marcel-pinas-es","9":"first","10":"instock","11":"shipping-taxable","12":"purchasable","13":"product-type-simple"},"yoast_head":"<!-- This site is optimized with the Yoast SEO Premium plugin v14.8.1 - https:\/\/yoast.com\/wordpress\/plugins\/seo\/ -->\n<title>Afaka Schrift 1 - rommysgallery<\/title>\n<meta name=\"robots\" content=\"index, follow\" \/>\n<meta name=\"googlebot\" content=\"index, follow, max-snippet:-1, max-image-preview:large, max-video-preview:-1\" \/>\n<meta name=\"bingbot\" content=\"index, follow, max-snippet:-1, max-image-preview:large, max-video-preview:-1\" \/>\n<link rel=\"canonical\" href=\"https:\/\/rommysgallery.com\/es\/producto\/afaka-schrift-1\/\" \/>\n<meta property=\"og:locale\" content=\"es_ES\" \/>\n<meta property=\"og:type\" content=\"article\" \/>\n<meta property=\"og:title\" content=\"Afaka Schrift 1 - rommysgallery\" \/>\n<meta property=\"og:description\" content=\"Af\u00e5ka Schrift 1, Acr\u00eelico sobre lienzo, 55 x 38  Marcel Pinas&hellip; Read More\" \/>\n<meta property=\"og:url\" content=\"https:\/\/rommysgallery.com\/es\/producto\/afaka-schrift-1\/\" \/>\n<meta property=\"og:site_name\" content=\"rommysgallery\" \/>\n<meta property=\"article:publisher\" content=\"https:\/\/www.facebook.com\/kunstsuriname\/\" \/>\n<meta property=\"article:modified_time\" content=\"2017-10-22T12:25:45+00:00\" \/>\n<meta property=\"og:image\" content=\"https:\/\/rommysgallery.com\/wp-content\/uploads\/2017\/09\/FullSizeRender.jpg\" \/>\n\t<meta property=\"og:image:width\" content=\"444\" \/>\n\t<meta property=\"og:image:height\" content=\"640\" \/>\n<meta name=\"twitter:card\" content=\"summary\" \/>\n<meta name=\"twitter:creator\" content=\"@rhrommy\" \/>\n<meta name=\"twitter:site\" content=\"@rhrommy\" \/>\n<script type=\"application\/ld+json\" class=\"yoast-schema-graph\">{\"@context\":\"https:\/\/schema.org\",\"@graph\":[{\"@type\":\"WebSite\",\"@id\":\"https:\/\/rommysgallery.com\/es\/#website\",\"url\":\"https:\/\/rommysgallery.com\/es\/\",\"name\":\"rommysgallery\",\"description\":\"\",\"potentialAction\":[{\"@type\":\"SearchAction\",\"target\":\"https:\/\/rommysgallery.com\/es\/?s={search_term_string}\",\"query-input\":\"required name=search_term_string\"}],\"inLanguage\":\"es\"},{\"@type\":\"ImageObject\",\"@id\":\"https:\/\/rommysgallery.com\/es\/producto\/afaka-schrift-1\/#primaryimage\",\"inLanguage\":\"es\",\"url\":\"https:\/\/rommysgallery.com\/wp-content\/uploads\/2017\/09\/FullSizeRender.jpg\",\"width\":444,\"height\":640},{\"@type\":\"WebPage\",\"@id\":\"https:\/\/rommysgallery.com\/es\/producto\/afaka-schrift-1\/#webpage\",\"url\":\"https:\/\/rommysgallery.com\/es\/producto\/afaka-schrift-1\/\",\"name\":\"Afaka Schrift 1 - rommysgallery\",\"isPartOf\":{\"@id\":\"https:\/\/rommysgallery.com\/es\/#website\"},\"primaryImageOfPage\":{\"@id\":\"https:\/\/rommysgallery.com\/es\/producto\/afaka-schrift-1\/#primaryimage\"},\"datePublished\":\"2017-09-13T19:30:10+00:00\",\"dateModified\":\"2017-10-22T12:25:45+00:00\",\"inLanguage\":\"es\",\"potentialAction\":[{\"@type\":\"ReadAction\",\"target\":[\"https:\/\/rommysgallery.com\/es\/producto\/afaka-schrift-1\/\"]}]}]}<\/script>\n<!-- \/ Yoast SEO Premium plugin. -->","_links":{"self":[{"href":"https:\/\/rommysgallery.com\/es\/wp-json\/wp\/v2\/product\/3020","targetHints":{"allow":["GET"]}}],"collection":[{"href":"https:\/\/rommysgallery.com\/es\/wp-json\/wp\/v2\/product"}],"about":[{"href":"https:\/\/rommysgallery.com\/es\/wp-json\/wp\/v2\/types\/product"}],"replies":[{"embeddable":true,"href":"https:\/\/rommysgallery.com\/es\/wp-json\/wp\/v2\/comments?post=3020"}],"wp:featuredmedia":[{"embeddable":true,"href":"https:\/\/rommysgallery.com\/es\/wp-json\/wp\/v2\/media\/2551"}],"wp:attachment":[{"href":"https:\/\/rommysgallery.com\/es\/wp-json\/wp\/v2\/media?parent=3020"}],"wp:term":[{"taxonomy":"product_brand","embeddable":true,"href":"https:\/\/rommysgallery.com\/es\/wp-json\/wp\/v2\/product_brand?post=3020"},{"taxonomy":"product_cat","embeddable":true,"href":"https:\/\/rommysgallery.com\/es\/wp-json\/wp\/v2\/product_cat?post=3020"},{"taxonomy":"product_tag","embeddable":true,"href":"https:\/\/rommysgallery.com\/es\/wp-json\/wp\/v2\/product_tag?post=3020"}],"curies":[{"name":"wp","href":"https:\/\/api.w.org\/{rel}","templated":true}]}}