{"id":3016,"date":"2017-09-13T22:03:51","date_gmt":"2017-09-13T20:03:51","guid":{"rendered":"http:\/\/rommysgallery.com\/product\/afaka-schrift-3\/"},"modified":"2024-10-23T06:18:51","modified_gmt":"2024-10-23T04:18:51","slug":"afaka-schrift-3","status":"publish","type":"product","link":"https:\/\/rommysgallery.com\/es\/producto\/afaka-schrift-3\/","title":{"rendered":"Afaka Schrift 3"},"content":{"rendered":"<p><a href=\"http:\/\/rommysgallery.com\/wp-content\/uploads\/2017\/09\/FullSizeRender-2.jpg\"><img loading=\"lazy\" decoding=\"async\" class=\"alignnone size-medium wp-image-2559\" src=\"https:\/\/rommysgallery.com\/wp-content\/uploads\/2017\/09\/FullSizeRender-2-205x300.jpg\" alt=\"\" width=\"205\" height=\"300\" data-id=\"2559\" srcset=\"https:\/\/rommysgallery.com\/wp-content\/uploads\/2017\/09\/FullSizeRender-2-205x300.jpg 205w, https:\/\/rommysgallery.com\/wp-content\/uploads\/2017\/09\/FullSizeRender-2-300x438.jpg 300w, https:\/\/rommysgallery.com\/wp-content\/uploads\/2017\/09\/FullSizeRender-2-260x380.jpg 260w, https:\/\/rommysgallery.com\/wp-content\/uploads\/2017\/09\/FullSizeRender-2.jpg 438w\" sizes=\"auto, (max-width: 205px) 100vw, 205px\" \/><\/a><\/p>\n<p>El Af\u00e1kaschrift originalmente consta de 56 caracteres m\u00e1s 2 caracteres adicionales, una l\u00ednea vertical corta para el punto, la coma, y \u200b\u200bas\u00ed sucesivamente, y una l\u00ednea de devanado para marcar el final de una p\u00e1gina.<\/p>\n<p>&nbsp;<\/p>\n","protected":false},"excerpt":{"rendered":"<p>Af\u00e5ka Schrift 3, acr\u00eelico sobre lienzo, 55 x 38<\/p>\n<p>Marcel Pinas&hellip; <a class=\"kt-excerpt-readmore\" href=\"https:\/\/rommysgallery.com\/es\/producto\/afaka-schrift-3\/\" aria-label=\"Afaka Schrift 3\">Read More<\/a><\/p>\n","protected":false},"featured_media":2561,"comment_status":"open","ping_status":"closed","template":"","meta":{"kt_blocks_editor_width":""},"product_brand":[],"product_cat":[114],"product_tag":[],"class_list":{"0":"post-3016","1":"product","2":"type-product","3":"status-publish","4":"has-post-thumbnail","6":"product_cat-sin-categorizar","7":"product_shipping_class-marcel-pinas-es","9":"first","10":"instock","11":"shipping-taxable","12":"purchasable","13":"product-type-simple"},"yoast_head":"<!-- This site is optimized with the Yoast SEO Premium plugin v14.8.1 - https:\/\/yoast.com\/wordpress\/plugins\/seo\/ -->\n<title>Afaka Schrift 3 - rommysgallery<\/title>\n<meta name=\"robots\" content=\"index, follow\" \/>\n<meta name=\"googlebot\" content=\"index, follow, max-snippet:-1, max-image-preview:large, max-video-preview:-1\" \/>\n<meta name=\"bingbot\" content=\"index, follow, max-snippet:-1, max-image-preview:large, max-video-preview:-1\" \/>\n<link rel=\"canonical\" href=\"https:\/\/rommysgallery.com\/es\/producto\/afaka-schrift-3\/\" \/>\n<meta property=\"og:locale\" content=\"es_ES\" \/>\n<meta property=\"og:type\" content=\"article\" \/>\n<meta property=\"og:title\" content=\"Afaka Schrift 3 - rommysgallery\" \/>\n<meta property=\"og:description\" content=\"Af\u00e5ka Schrift 3, acr\u00eelico sobre lienzo, 55 x 38  Marcel Pinas&hellip; Read More\" \/>\n<meta property=\"og:url\" content=\"https:\/\/rommysgallery.com\/es\/producto\/afaka-schrift-3\/\" \/>\n<meta property=\"og:site_name\" content=\"rommysgallery\" \/>\n<meta property=\"article:publisher\" content=\"https:\/\/www.facebook.com\/kunstsuriname\/\" \/>\n<meta property=\"article:modified_time\" content=\"2024-10-23T04:18:51+00:00\" \/>\n<meta property=\"og:image\" content=\"https:\/\/rommysgallery.com\/wp-content\/uploads\/2017\/09\/FullSizeRender-2.jpg\" \/>\n\t<meta property=\"og:image:width\" content=\"438\" \/>\n\t<meta property=\"og:image:height\" content=\"640\" \/>\n<meta name=\"twitter:card\" content=\"summary\" \/>\n<meta name=\"twitter:creator\" content=\"@rhrommy\" \/>\n<meta name=\"twitter:site\" content=\"@rhrommy\" \/>\n<script type=\"application\/ld+json\" class=\"yoast-schema-graph\">{\"@context\":\"https:\/\/schema.org\",\"@graph\":[{\"@type\":\"WebSite\",\"@id\":\"https:\/\/rommysgallery.com\/es\/#website\",\"url\":\"https:\/\/rommysgallery.com\/es\/\",\"name\":\"rommysgallery\",\"description\":\"\",\"potentialAction\":[{\"@type\":\"SearchAction\",\"target\":\"https:\/\/rommysgallery.com\/es\/?s={search_term_string}\",\"query-input\":\"required name=search_term_string\"}],\"inLanguage\":\"es\"},{\"@type\":\"ImageObject\",\"@id\":\"https:\/\/rommysgallery.com\/es\/producto\/afaka-schrift-3\/#primaryimage\",\"inLanguage\":\"es\",\"url\":\"https:\/\/rommysgallery.com\/wp-content\/uploads\/2017\/09\/FullSizeRender-2.jpg\",\"width\":438,\"height\":640},{\"@type\":\"WebPage\",\"@id\":\"https:\/\/rommysgallery.com\/es\/producto\/afaka-schrift-3\/#webpage\",\"url\":\"https:\/\/rommysgallery.com\/es\/producto\/afaka-schrift-3\/\",\"name\":\"Afaka Schrift 3 - rommysgallery\",\"isPartOf\":{\"@id\":\"https:\/\/rommysgallery.com\/es\/#website\"},\"primaryImageOfPage\":{\"@id\":\"https:\/\/rommysgallery.com\/es\/producto\/afaka-schrift-3\/#primaryimage\"},\"datePublished\":\"2017-09-13T20:03:51+00:00\",\"dateModified\":\"2024-10-23T04:18:51+00:00\",\"inLanguage\":\"es\",\"potentialAction\":[{\"@type\":\"ReadAction\",\"target\":[\"https:\/\/rommysgallery.com\/es\/producto\/afaka-schrift-3\/\"]}]}]}<\/script>\n<!-- \/ Yoast SEO Premium plugin. -->","_links":{"self":[{"href":"https:\/\/rommysgallery.com\/es\/wp-json\/wp\/v2\/product\/3016","targetHints":{"allow":["GET"]}}],"collection":[{"href":"https:\/\/rommysgallery.com\/es\/wp-json\/wp\/v2\/product"}],"about":[{"href":"https:\/\/rommysgallery.com\/es\/wp-json\/wp\/v2\/types\/product"}],"replies":[{"embeddable":true,"href":"https:\/\/rommysgallery.com\/es\/wp-json\/wp\/v2\/comments?post=3016"}],"wp:featuredmedia":[{"embeddable":true,"href":"https:\/\/rommysgallery.com\/es\/wp-json\/wp\/v2\/media\/2561"}],"wp:attachment":[{"href":"https:\/\/rommysgallery.com\/es\/wp-json\/wp\/v2\/media?parent=3016"}],"wp:term":[{"taxonomy":"product_brand","embeddable":true,"href":"https:\/\/rommysgallery.com\/es\/wp-json\/wp\/v2\/product_brand?post=3016"},{"taxonomy":"product_cat","embeddable":true,"href":"https:\/\/rommysgallery.com\/es\/wp-json\/wp\/v2\/product_cat?post=3016"},{"taxonomy":"product_tag","embeddable":true,"href":"https:\/\/rommysgallery.com\/es\/wp-json\/wp\/v2\/product_tag?post=3016"}],"curies":[{"name":"wp","href":"https:\/\/api.w.org\/{rel}","templated":true}]}}